{"id":340,"date":"2025-10-15T13:31:53","date_gmt":"2025-10-15T13:31:53","guid":{"rendered":"https:\/\/tv.ikcu.edu.tr\/?page_id=340"},"modified":"2026-03-12T13:39:19","modified_gmt":"2026-03-12T13:39:19","slug":"340-2","status":"publish","type":"page","link":"https:\/\/tv.ikcu.edu.tr\/","title":{"rendered":"\u0130K\u00c7\u00dc TV"},"content":{"rendered":"<div style=\"position: relative;\"><video id=\"video_69e1eca61b2d3\" class=\"video-js vjs-fluid\" controls preload=\"auto\"><\/video><\/div>\n\n\n\n<p><\/p>\n","protected":false},"excerpt":{"rendered":"","protected":false},"author":1,"featured_media":0,"parent":0,"menu_order":0,"comment_status":"closed","ping_status":"closed","template":"page-templates\/frontpage.php","meta":{"footnotes":""},"class_list":["post-340","page","type-page","status-publish","hentry"],"_links":{"self":[{"href":"https:\/\/tv.ikcu.edu.tr\/index.php?rest_route=\/wp\/v2\/pages\/340","targetHints":{"allow":["GET"]}}],"collection":[{"href":"https:\/\/tv.ikcu.edu.tr\/index.php?rest_route=\/wp\/v2\/pages"}],"about":[{"href":"https:\/\/tv.ikcu.edu.tr\/index.php?rest_route=\/wp\/v2\/types\/page"}],"author":[{"embeddable":true,"href":"https:\/\/tv.ikcu.edu.tr\/index.php?rest_route=\/wp\/v2\/users\/1"}],"replies":[{"embeddable":true,"href":"https:\/\/tv.ikcu.edu.tr\/index.php?rest_route=%2Fwp%2Fv2%2Fcomments&post=340"}],"version-history":[{"count":5,"href":"https:\/\/tv.ikcu.edu.tr\/index.php?rest_route=\/wp\/v2\/pages\/340\/revisions"}],"predecessor-version":[{"id":371,"href":"https:\/\/tv.ikcu.edu.tr\/index.php?rest_route=\/wp\/v2\/pages\/340\/revisions\/371"}],"wp:attachment":[{"href":"https:\/\/tv.ikcu.edu.tr\/index.php?rest_route=%2Fwp%2Fv2%2Fmedia&parent=340"}],"curies":[{"name":"wp","href":"https:\/\/api.w.org\/{rel}","templated":true}]}}